{"id":2,"date":"2016-09-27T16:14:54","date_gmt":"2016-09-27T14:14:54","guid":{"rendered":"http:\/\/martina-malt.de\/?page_id=2"},"modified":"2016-11-03T16:03:37","modified_gmt":"2016-11-03T15:03:37","slug":"beispiel-seite","status":"publish","type":"page","link":"https:\/\/martina-malt.de\/?page_id=2","title":{"rendered":"\u00dcber diese Seite"},"content":{"rendered":"<p>Diese Seite wurde f\u00fcr Martina Sommer und ihren raketenartigen Start in die Malerei erstellt. Martina hat &nbsp;gro\u00dfe Freude am Experimentieren mit Farben und Maltechniken, die sie sich im Internet ansieht und versucht, umzusetzen. Im Alltag fallen ihr immer wieder neue Ideen in den Scho\u00df, die dann ins Bild umgesetzt werden m\u00fcssen. Martina hat nicht das Ziel, eine perfekte K\u00fcnstlerin zu sein. Vielmehr hilft ihr diese kreative T\u00e4tigkeit, den Arbeitsalltag hinter sich zu lassen und abzuschalten, indem sie in ihre Welt der Farben abtaucht.&nbsp;Martina freut sich \u00fcber Kommentare zu ihren Bildern. Liebe Besucher dieser Seite: traut Euch!<\/p>\n","protected":false},"excerpt":{"rendered":"<p>Diese Seite wurde f\u00fcr Martina Sommer und ihren raketenartigen Start in die Malerei erstellt. Martina hat &nbsp;gro\u00dfe Freude am Experimentieren mit Farben und Maltechniken, die sie sich im Internet ansieht und versucht, umzusetzen. Im Alltag fallen ihr immer wieder neue Ideen in den Scho\u00df, die dann ins Bild umgesetzt werden m\u00fcssen. Martina hat nicht das [&hellip;]<\/p>\n","protected":false},"author":1,"featured_media":0,"parent":0,"menu_order":0,"comment_status":"closed","ping_status":"open","template":"","meta":[],"_links":{"self":[{"href":"https:\/\/martina-malt.de\/index.php?rest_route=\/wp\/v2\/pages\/2"}],"collection":[{"href":"https:\/\/martina-malt.de\/index.php?rest_route=\/wp\/v2\/pages"}],"about":[{"href":"https:\/\/martina-malt.de\/index.php?rest_route=\/wp\/v2\/types\/page"}],"author":[{"embeddable":true,"href":"https:\/\/martina-malt.de\/index.php?rest_route=\/wp\/v2\/users\/1"}],"replies":[{"embeddable":true,"href":"https:\/\/martina-malt.de\/index.php?rest_route=%2Fwp%2Fv2%2Fcomments&post=2"}],"version-history":[{"count":4,"href":"https:\/\/martina-malt.de\/index.php?rest_route=\/wp\/v2\/pages\/2\/revisions"}],"predecessor-version":[{"id":228,"href":"https:\/\/martina-malt.de\/index.php?rest_route=\/wp\/v2\/pages\/2\/revisions\/228"}],"wp:attachment":[{"href":"https:\/\/martina-malt.de\/index.php?rest_route=%2Fwp%2Fv2%2Fmedia&parent=2"}],"curies":[{"name":"wp","href":"https:\/\/api.w.org\/{rel}","templated":true}]}}